{"id":148,"date":"2026-04-06T19:24:58","date_gmt":"2026-04-06T19:24:58","guid":{"rendered":"https:\/\/wasseristleben.or.at\/?page_id=148"},"modified":"2026-04-06T19:24:58","modified_gmt":"2026-04-06T19:24:58","slug":"erfolgreicher-brunnenbau","status":"publish","type":"page","link":"https:\/\/wasseristleben.or.at\/?page_id=148&lang=de","title":{"rendered":"Erfolgreicher Brunnenbau."},"content":{"rendered":"<style type=\"text\/css\">\n#foogallery-gallery-137 .fg-image { width: 640px; }<\/style>\n\t\t\t<div class=\"foogallery foogallery-container foogallery-image-viewer foogallery-link-image foogallery-lightbox-foogallery fg-center fg-image-viewer fg-ready fg-light fg-border-thin fg-round-small fg-shadow-outline fg-shadow-inset-large fg-loading-default fg-loaded-fade-in fg-hover-semi-zoomed fg-caption-always fg-hover-fade fg-hover-plus3\" id=\"foogallery-gallery-137\" data-foogallery=\"{&quot;item&quot;:{&quot;showCaptionTitle&quot;:true,&quot;showCaptionDescription&quot;:true},&quot;lazy&quot;:true,&quot;template&quot;:{&quot;loop&quot;:true}}\" data-foogallery-lightbox=\"{&quot;thumbs&quot;:&quot;bottom&quot;,&quot;thumbsCaptions&quot;:false,&quot;thumbsBestFit&quot;:false,&quot;thumbsSmall&quot;:false,&quot;thumbsCaptionsAlign&quot;:&quot;default&quot;,&quot;info&quot;:&quot;bottom&quot;,&quot;infoVisible&quot;:true,&quot;infoOverlay&quot;:true,&quot;infoAlign&quot;:&quot;default&quot;,&quot;transition&quot;:&quot;fade&quot;,&quot;hoverButtons&quot;:false,&quot;fitMedia&quot;:false,&quot;noScrollbars&quot;:true,&quot;preserveButtonSpace&quot;:true,&quot;buttons&quot;:{&quot;fullscreen&quot;:true,&quot;info&quot;:true,&quot;thumbs&quot;:false},&quot;video&quot;:{&quot;autoPlay&quot;:true}}\" style=\"--fg-title-line-clamp: 1; --fg-description-line-clamp: 2;\" >\n\t<div class=\"fiv-inner\">\n\t\t<div class=\"fiv-inner-container\">\n\t\t\t<div class=\"fg-item fg-type-image fg-idle\"><figure class=\"fg-item-inner\"><a href=\"https:\/\/wasseristleben.or.at\/wp-content\/uploads\/2026\/02\/IMG-20260204-WA0022.jpg\" data-attachment-id=\"133\" data-type=\"image\" class=\"fg-thumb\"><span class=\"fg-image-wrap\"><img fetchpriority=\"high\" decoding=\"async\" width=\"640\" height=\"360\" class=\"skip-lazy fg-image\" data-src-fg=\"https:\/\/wasseristleben.or.at\/wp-content\/uploads\/cache\/2026\/02\/IMG-20260204-WA0022\/91573218.jpg\" src=\"data:image\/svg+xml,%3Csvg%20xmlns%3D%22http%3A%2F%2Fwww.w3.org%2F2000%2Fsvg%22%20width%3D%22640%22%20height%3D%22360%22%20viewBox%3D%220%200%20640%20360%22%3E%3C%2Fsvg%3E\" loading=\"eager\"><\/span><span class=\"fg-image-overlay\"><\/span><\/a><\/figure><div class=\"fg-loader\"><\/div><\/div><div class=\"fg-item fg-type-image fg-idle\"><figure class=\"fg-item-inner\"><a href=\"https:\/\/wasseristleben.or.at\/wp-content\/uploads\/2026\/02\/IMG-20260206-WA0016-1.jpg\" data-attachment-id=\"132\" data-type=\"image\" class=\"fg-thumb\"><span class=\"fg-image-wrap\"><img decoding=\"async\" width=\"640\" height=\"360\" class=\"skip-lazy fg-image\" data-src-fg=\"https:\/\/wasseristleben.or.at\/wp-content\/uploads\/cache\/2026\/02\/IMG-20260206-WA0016-1\/1606468273.jpg\" src=\"data:image\/svg+xml,%3Csvg%20xmlns%3D%22http%3A%2F%2Fwww.w3.org%2F2000%2Fsvg%22%20width%3D%22640%22%20height%3D%22360%22%20viewBox%3D%220%200%20640%20360%22%3E%3C%2Fsvg%3E\" loading=\"eager\"><\/span><span class=\"fg-image-overlay\"><\/span><\/a><\/figure><div class=\"fg-loader\"><\/div><\/div><div class=\"fg-item fg-type-image fg-idle\"><figure class=\"fg-item-inner\"><a href=\"https:\/\/wasseristleben.or.at\/wp-content\/uploads\/2026\/02\/IMG-20260206-WA0017.jpg\" data-attachment-id=\"127\" data-type=\"image\" class=\"fg-thumb\"><span class=\"fg-image-wrap\"><img decoding=\"async\" width=\"640\" height=\"360\" class=\"skip-lazy fg-image\" data-src-fg=\"https:\/\/wasseristleben.or.at\/wp-content\/uploads\/cache\/2026\/02\/IMG-20260206-WA0017\/802039745.jpg\" src=\"data:image\/svg+xml,%3Csvg%20xmlns%3D%22http%3A%2F%2Fwww.w3.org%2F2000%2Fsvg%22%20width%3D%22640%22%20height%3D%22360%22%20viewBox%3D%220%200%20640%20360%22%3E%3C%2Fsvg%3E\" loading=\"eager\"><\/span><span class=\"fg-image-overlay\"><\/span><\/a><\/figure><div class=\"fg-loader\"><\/div><\/div><div class=\"fg-item fg-type-image fg-idle\"><figure class=\"fg-item-inner\"><a href=\"https:\/\/wasseristleben.or.at\/wp-content\/uploads\/2026\/02\/IMG-20260206-WA0016.jpg\" data-attachment-id=\"126\" data-type=\"image\" class=\"fg-thumb\"><span class=\"fg-image-wrap\"><img decoding=\"async\" width=\"640\" height=\"360\" class=\"skip-lazy fg-image\" data-src-fg=\"https:\/\/wasseristleben.or.at\/wp-content\/uploads\/cache\/2026\/02\/IMG-20260206-WA0016\/902534284.jpg\" src=\"data:image\/svg+xml,%3Csvg%20xmlns%3D%22http%3A%2F%2Fwww.w3.org%2F2000%2Fsvg%22%20width%3D%22640%22%20height%3D%22360%22%20viewBox%3D%220%200%20640%20360%22%3E%3C%2Fsvg%3E\" loading=\"eager\"><\/span><span class=\"fg-image-overlay\"><\/span><\/a><\/figure><div class=\"fg-loader\"><\/div><\/div><div class=\"fg-item fg-type-image fg-idle\"><figure class=\"fg-item-inner\"><a href=\"https:\/\/wasseristleben.or.at\/wp-content\/uploads\/2025\/05\/Cameroon-2022-Completed-Water-7-1024x577-1.jpg\" data-attachment-id=\"73\" data-type=\"image\" class=\"fg-thumb\"><span class=\"fg-image-wrap\"><img decoding=\"async\" width=\"640\" height=\"360\" class=\"skip-lazy fg-image\" data-src-fg=\"https:\/\/wasseristleben.or.at\/wp-content\/uploads\/cache\/2025\/05\/Cameroon-2022-Completed-Water-7-1024x577-1\/454045298.jpg\" src=\"data:image\/svg+xml,%3Csvg%20xmlns%3D%22http%3A%2F%2Fwww.w3.org%2F2000%2Fsvg%22%20width%3D%22640%22%20height%3D%22360%22%20viewBox%3D%220%200%20640%20360%22%3E%3C%2Fsvg%3E\" loading=\"eager\"><\/span><span class=\"fg-image-overlay\"><\/span><\/a><\/figure><div class=\"fg-loader\"><\/div><\/div>\t\t<\/div>\n\t\t<div class=\"fiv-ctrls\">\n\t\t\t<button type=\"button\" class=\"fiv-prev\" title=\"Prev\"><span>Prev<\/span><\/button>\n\t\t\t<label class=\"fiv-count\"><span class=\"fiv-count-current\">1<\/span>of<span class=\"fiv-count-total\">5<\/span><\/label>\n\t\t\t<button type=\"button\" class=\"fiv-next\" title=\"Next\"><span>Next<\/span><\/button>\n\t\t<\/div>\n\t<\/div>\n<\/div>\n\n\n\n<p>Das Trinkwasser-Bohrprojekt in Umuokpoko im Bundesstaat Imo, Nigeria, wurde im Jahr 2026 erfolgreich abgeschlossen und versorgt nun \u00fcber 500 Einwohner mit sicherem und zuverl\u00e4ssigem Trinkwasser.<\/p>\n\n\n\n<p><br>Vor dem Projekt mussten Familien \u2013 insbesondere Frauen und Kinder \u2013 lange Strecken zur\u00fccklegen, um Wasser aus unsicheren Quellen zu holen, was zu gesundheitlichen Problemen f\u00fchrte.<br>Durch Spendengelder wurde an einem zentralen Ort im Dorf ein modernes Bohrlochsystem installiert, das mit Solarenergie betrieben wird und \u00fcber Wassertanks verf\u00fcgt.<\/p>\n\n\n\n<p><br>Das Projekt wurde sorgf\u00e4ltig \u00fcberwacht, um Qualit\u00e4t und Nachhaltigkeit sicherzustellen. Zus\u00e4tzlich wurde ein Wasserkomitee der Gemeinde gegr\u00fcndet, das die Wartung \u00fcbernimmt und den langfristigen Betrieb des Systems gew\u00e4hrleistet.<\/p>\n\n\n\n<p><br>Kinder werden nun mehr Zeit in der Schule verbringen, anstatt Wasser zu holen, die Gesundheitssituation wird sich deutlich verbessern und die allgemeine Lebensqualit\u00e4t in Umuokpoko wird steigen.<\/p>\n\n\n\n<p><br>Dieses Projekt ist ein starkes Beispiel daf\u00fcr, wie gemeinschaftliches Engagement und effektive Planung nachhaltige, positive Ver\u00e4nderungen in l\u00e4ndlichen Gemeinden bewirken k\u00f6nnen.<br>Ein Fluch, der jahrzehntelang bestand, wurde endlich \u00fcberwunden. Die Menschen sind \u00fcbergl\u00fccklich, endlich sauberes Wasser trinken zu k\u00f6nnen.<\/p>\n","protected":false},"excerpt":{"rendered":"<p>Das Trinkwasser-Bohrprojekt in Umuokpoko im Bundesstaat Imo, Nigeria, wurde im Jahr 2026 erfolgreich abgeschlossen und versorgt nun \u00fcber 500 Einwohner mit sicherem und zuverl\u00e4ssigem Trinkwasser. Vor dem Projekt mussten Familien \u2013 insbesondere Frauen und Kinder \u2013 lange Strecken zur\u00fccklegen, um Wasser aus unsicheren Quellen zu holen, was zu gesundheitlichen Problemen f\u00fchrte.Durch Spendengelder wurde an einem &hellip; <\/p>\n<p class=\"link-more\"><a href=\"https:\/\/wasseristleben.or.at\/?page_id=148&#038;lang=de\" class=\"more-link\">Continue reading<span class=\"screen-reader-text\"> &#8220;Erfolgreicher Brunnenbau.&#8221;<\/span><\/a><\/p>\n","protected":false},"author":1,"featured_media":0,"parent":0,"menu_order":0,"comment_status":"closed","ping_status":"closed","template":"","meta":{"footnotes":""},"class_list":["post-148","page","type-page","status-publish","hentry"],"_links":{"self":[{"href":"https:\/\/wasseristleben.or.at\/index.php?rest_route=\/wp\/v2\/pages\/148","targetHints":{"allow":["GET"]}}],"collection":[{"href":"https:\/\/wasseristleben.or.at\/index.php?rest_route=\/wp\/v2\/pages"}],"about":[{"href":"https:\/\/wasseristleben.or.at\/index.php?rest_route=\/wp\/v2\/types\/page"}],"author":[{"embeddable":true,"href":"https:\/\/wasseristleben.or.at\/index.php?rest_route=\/wp\/v2\/users\/1"}],"replies":[{"embeddable":true,"href":"https:\/\/wasseristleben.or.at\/index.php?rest_route=%2Fwp%2Fv2%2Fcomments&post=148"}],"version-history":[{"count":3,"href":"https:\/\/wasseristleben.or.at\/index.php?rest_route=\/wp\/v2\/pages\/148\/revisions"}],"predecessor-version":[{"id":152,"href":"https:\/\/wasseristleben.or.at\/index.php?rest_route=\/wp\/v2\/pages\/148\/revisions\/152"}],"wp:attachment":[{"href":"https:\/\/wasseristleben.or.at\/index.php?rest_route=%2Fwp%2Fv2%2Fmedia&parent=148"}],"curies":[{"name":"wp","href":"https:\/\/api.w.org\/{rel}","templated":true}]}}